{"id":13,"date":"2019-09-30T06:52:09","date_gmt":"2019-09-30T11:52:09","guid":{"rendered":"https:\/\/hi-rail.ca\/?page_id=13"},"modified":"2023-09-06T14:55:20","modified_gmt":"2023-09-06T19:55:20","slug":"hi-rail","status":"publish","type":"page","link":"https:\/\/hi-rail.ca\/","title":{"rendered":"Hi-Rail"},"content":{"rendered":"<p>[vc_row][vc_column][rev_slider_vc alias=\u00a0\u00bbmain\u00a0\u00bb][\/vc_column][\/vc_row][vc_row][vc_column][vc_empty_space height=\u00a0\u00bb40px\u00a0\u00bb][vc_custom_heading text=\u00a0\u00bbHi-Rail est une entreprise bas\u00e9e \u00e0 Sept-\u00celes, sp\u00e9cialis\u00e9e dans les syst\u00e8mes Rail-Route.\u00a0\u00bb font_container=\u00a0\u00bbtag:h3|text_align:center\u00a0\u00bb google_fonts=\u00a0\u00bbfont_family:Roboto%3A100%2C100italic%2C300%2C300italic%2Cregular%2Citalic%2C500%2C500italic%2C700%2C700italic%2C900%2C900italic|font_style:700%20bold%20regular%3A700%3Anormal\u00a0\u00bb][\/vc_column][\/vc_row][vc_row gap=\u00a0\u00bb20&Prime; full_height=\u00a0\u00bbyes\u00a0\u00bb columns_placement=\u00a0\u00bbtop\u00a0\u00bb equal_height=\u00a0\u00bbyes\u00a0\u00bb content_placement=\u00a0\u00bbmiddle\u00a0\u00bb css_animation=\u00a0\u00bbfadeIn\u00a0\u00bb css=\u00a0\u00bb.vc_custom_1570639029104{padding-top: 20px !important;}\u00a0\u00bb][vc_column width=\u00a0\u00bb1\/2&Prime; css=\u00a0\u00bb.vc_custom_1569868316932{padding-right: 40px !important;padding-left: 40px !important;background-color: #efefef !important;}\u00a0\u00bb]<div class=\"gtc-feature-item wpb_animate_when_almost_visible wpb_fadeIn fadeIn icon-pos-top icon-size-regular clearfix\"><i class=\"feature-item-icon fa fa-car\" style=\"color:#f27537;\"><\/i><div class=\"gtc-feature-item-content\"><h4 class=\"feature-item-title\">Location<\/h4><\/div><\/div>[vc_column_text]<\/p>\n<p style=\"text-align: center;\">Notre service de location vous propose pr\u00e8s de 30 pick-up Ford qui disposent d&rsquo;un syst\u00e8me Rail-Route \/ Hi-Rail pour une location journali\u00e8re, hebdomadaire, mensuelle ou m\u00eame annuelle. Nous avons aussi un service de mobilisation \/ d\u00e9mobilisation \u00e0 tarif variable selon l&rsquo;endroit demand\u00e9.<\/p>\n<p>[\/vc_column_text][vc_empty_space height=\u00a0\u00bb40px\u00a0\u00bb][\/vc_column][vc_column width=\u00a0\u00bb1\/2&Prime; css=\u00a0\u00bb.vc_custom_1569868324694{padding-right: 40px !important;padding-left: 40px !important;background-color: #efefef !important;}\u00a0\u00bb]<div class=\"gtc-feature-item wpb_animate_when_almost_visible wpb_fadeIn fadeIn icon-pos-top icon-size-regular clearfix\"><i class=\"feature-item-icon vc-oi vc-oi-wrench\" style=\"color:#f27537;\"><\/i><div class=\"gtc-feature-item-content\"><h4 class=\"feature-item-title\">R\u00e9paration<\/h4><\/div><\/div>[vc_column_text]<\/p>\n<p style=\"text-align: center;\">Notre service de r\u00e9paration de syst\u00e8me Rail-Route \/ Hi-Rail vous assure un soutien \u00e0 votre probl\u00e9matique quel que soit le fabricant.<\/p>\n<p style=\"text-align: center;\">Pour tout information additionnelle ou pour un estim\u00e9, contactez-nous et nous vous r\u00e9pondrons dans le meilleur d\u00e9lai !<\/p>\n<p>[\/vc_column_text][vc_empty_space height=\u00a0\u00bb40px\u00a0\u00bb][\/vc_column][\/vc_row][vc_row css=\u00a0\u00bb.vc_custom_1465468657956{padding-top: 130px !important;}\u00a0\u00bb][vc_column width=\u00a0\u00bb1\/4&Prime;][\/vc_column][vc_column width=\u00a0\u00bb1\/2&Prime;][vc_column_text]<\/p>\n<h4 style=\"text-align: center;\"><span style=\"color: #ff6600;\">Contact<\/span><\/h4>\n<p>[\/vc_column_text][vc_empty_space height=\u00a0\u00bb10px\u00a0\u00bb][vc_column_text]<\/p>\n<h2 style=\"text-align: center;\">Nous joindre<\/h2>\n<p>[\/vc_column_text][vc_empty_space height=\u00a0\u00bb10px\u00a0\u00bb][\/vc_column][vc_column width=\u00a0\u00bb1\/4&Prime;][\/vc_column][\/vc_row][vc_row css=\u00a0\u00bb.vc_custom_1465469077108{padding-bottom: 130px !important;}\u00a0\u00bb][vc_column width=\u00a0\u00bb1\/3&Prime;][vc_empty_space height=\u00a0\u00bb30px\u00a0\u00bb]<div class=\"gtc-feature-item icon-pos-top icon-size-large clearfix\"><i class=\"feature-item-icon flaticon-email-closed-outlined-back-envelope-interface-symbol\" style=\"color:#f27537;\"><\/i><div class=\"gtc-feature-item-content\"><p>hirail7iles@gmail.com<\/p><\/div><\/div>[\/vc_column][vc_column width=\u00a0\u00bb1\/3&Prime;][vc_empty_space height=\u00a0\u00bb30px\u00a0\u00bb]<div class=\"gtc-feature-item icon-pos-top icon-size-large clearfix\"><i class=\"feature-item-icon flaticon-big-map-placeholder-outlined-symbol-of-interface\" style=\"color:#f27537;\"><\/i><div class=\"gtc-feature-item-content\"><p>1893 boulevard laure - Sept-\u00celes, QC, G4R 4K1<\/p><\/div><\/div>[\/vc_column][vc_column width=\u00a0\u00bb1\/3&Prime;][vc_empty_space height=\u00a0\u00bb30px\u00a0\u00bb]<div class=\"gtc-feature-item icon-pos-top icon-size-large clearfix\"><i class=\"feature-item-icon flaticon-phone-auricular-outline\" style=\"color:#f27537;\"><\/i><div class=\"gtc-feature-item-content\"><p>+1 418-962-1554<\/p><\/div><\/div>[\/vc_column][\/vc_row][vc_row full_width=\u00a0\u00bbstretch_row_content_no_spaces\u00a0\u00bb][vc_column][vc_gmaps link=\u00a0\u00bb#E-8_JTNDaWZyYW1lJTIwc3JjJTNEJTIyaHR0cHMlM0ElMkYlMkZ3d3cuZ29vZ2xlLmNvbSUyRm1hcHMlMkZlbWJlZCUzRnBiJTNEJTIxMW0xOCUyMTFtMTIlMjExbTMlMjExZDM0MzIzLjk2NTY4NTQzODY1JTIxMmQtNjYuNDQ4MjI5MDM3NjQxODglMjEzZDUwLjI1MTg5NDUyNjk4MDk3NiUyMTJtMyUyMTFmMCUyMTJmMCUyMTNmMCUyMTNtMiUyMTFpMTAyNCUyMTJpNzY4JTIxNGYxMy4xJTIxM20zJTIxMW0yJTIxMXMweDRjOTFlMDBlMGFhMGY0OTElMjUzQTB4NGU1ODMzZDkxODNjOTg3OCUyMTJzMTg5MyUyNTIwQm91bGV2YXJkJTI1MjBMYXVyZSUyNTJDJTI1MjBTZXB0LSUyNUMzJTI1OEVsZXMlMjUyQyUyNTIwUUMlMjE1ZTAlMjEzbTIlMjExc2ZyJTIxMnNjYSUyMTR2MTU2OTg3MTQzNTc3NCUyMTVtMiUyMTFzZnIlMjEyc2NhJTIyJTIwd2lkdGglM0QlMjI2MDAlMjIlMjBoZWlnaHQlM0QlMjI0NTAlMjIlMjBmcmFtZWJvcmRlciUzRCUyMjAlMjIlMjBzdHlsZSUzRCUyMmJvcmRlciUzQTAlM0IlMjIlMjBhbGxvd2Z1bGxzY3JlZW4lM0QlMjIlMjIlM0UlM0MlMkZpZnJhbWUlM0U=\u00a0\u00bb size=\u00a0\u00bb500&Prime; css_animation=\u00a0\u00bbbounceIn\u00a0\u00bb][\/vc_column][\/vc_row][vc_row][vc_column][vc_column_text]<\/p>\n<p style=\"text-align: center;\">(c) Tous droits r\u00e9serv\u00e9s Hi-Rail &#8211; Propuls\u00e9 par Plan Xpert<\/p>\n<p>[\/vc_column_text][\/vc_column][\/vc_row]<\/p>\n","protected":false},"excerpt":{"rendered":"<p>[vc_row][vc_column][rev_slider_vc alias=\u00a0\u00bbmain\u00a0\u00bb][\/vc_column][\/vc_row][vc_row][vc_column][vc_empty_space height=\u00a0\u00bb40px\u00a0\u00bb][vc_custom_heading text=\u00a0\u00bbHi-Rail est une entreprise bas\u00e9e \u00e0 Sept-\u00celes, sp\u00e9cialis\u00e9e dans les syst\u00e8mes Rail-Route.\u00a0\u00bb font_container=\u00a0\u00bbtag:h3|text_align:center\u00a0\u00bb google_fonts=\u00a0\u00bbfont_family:Roboto%3A100%2C100italic%2C300%2C300italic%2Cregular%2Citalic%2C500%2C500italic%2C700%2C700italic%2C900%2C900italic|font_style:700%20bold%20regular%3A700%3Anormal\u00a0\u00bb][\/vc_column][\/vc_row][vc_row gap=\u00a0\u00bb20&Prime; full_height=\u00a0\u00bbyes\u00a0\u00bb columns_placement=\u00a0\u00bbtop\u00a0\u00bb equal_height=\u00a0\u00bbyes\u00a0\u00bb content_placement=\u00a0\u00bbmiddle\u00a0\u00bb css_animation=\u00a0\u00bbfadeIn\u00a0\u00bb css=\u00a0\u00bb.vc_custom_1570639029104{padding-top: 20px !important;}\u00a0\u00bb][vc_column width=\u00a0\u00bb1\/2&Prime; css=\u00a0\u00bb.vc_custom_1569868316932{padding-right: 40px !important;padding-left: 40px !important;background-color: #efefef !important;}\u00a0\u00bb][vc_column_text] Notre service de location vous propose pr\u00e8s de 30 pick-up Ford qui disposent d&rsquo;un syst\u00e8me Rail-Route \/ Hi-Rail pour une location [&hellip;]<\/p>\n","protected":false},"author":3,"featured_media":0,"parent":0,"menu_order":0,"comment_status":"closed","ping_status":"closed","template":"","meta":{"footnotes":""},"class_list":["post-13","page","type-page","status-publish","hentry"],"_links":{"self":[{"href":"https:\/\/hi-rail.ca\/index.php\/wp-json\/wp\/v2\/pages\/13","targetHints":{"allow":["GET"]}}],"collection":[{"href":"https:\/\/hi-rail.ca\/index.php\/wp-json\/wp\/v2\/pages"}],"about":[{"href":"https:\/\/hi-rail.ca\/index.php\/wp-json\/wp\/v2\/types\/page"}],"author":[{"embeddable":true,"href":"https:\/\/hi-rail.ca\/index.php\/wp-json\/wp\/v2\/users\/3"}],"replies":[{"embeddable":true,"href":"https:\/\/hi-rail.ca\/index.php\/wp-json\/wp\/v2\/comments?post=13"}],"version-history":[{"count":21,"href":"https:\/\/hi-rail.ca\/index.php\/wp-json\/wp\/v2\/pages\/13\/revisions"}],"predecessor-version":[{"id":73,"href":"https:\/\/hi-rail.ca\/index.php\/wp-json\/wp\/v2\/pages\/13\/revisions\/73"}],"wp:attachment":[{"href":"https:\/\/hi-rail.ca\/index.php\/wp-json\/wp\/v2\/media?parent=13"}],"curies":[{"name":"wp","href":"https:\/\/api.w.org\/{rel}","templated":true}]}}